{"id":91264,"date":"2020-08-17T13:32:47","date_gmt":"2020-08-17T13:32:47","guid":{"rendered":"https:\/\/dividigital.divifixer.com\/?page_id=776"},"modified":"2025-12-21T10:31:27","modified_gmt":"2025-12-21T10:31:27","slug":"veranstaltungen","status":"publish","type":"page","link":"https:\/\/oesfrauen.com\/sr\/veranstaltungen\/","title":{"rendered":"VERANSTALTUNGEN"},"content":{"rendered":"<p>[et_pb_section fb_built=&#8220;1&#8243; custom_padding_last_edited=&#8220;on|tablet&#8220; _builder_version=&#8220;4.27.3&#8243; _module_preset=&#8220;default&#8220; background_color=&#8220;#79146a&#8220; background_enable_image=&#8220;off&#8220; background_position=&#8220;top_center&#8220; background_vertical_offset=&#8220;25%&#8220; background_blend=&#8220;overlay&#8220; custom_padding=&#8220;78px||0px|||&#8220; custom_padding_tablet=&#8220;0px||0px||true|false&#8220; custom_padding_phone=&#8220;&#8220; global_colors_info=&#8220;{}&#8220;][et_pb_row use_custom_gutter=&#8220;on&#8220; make_equal=&#8220;on&#8220; custom_padding_last_edited=&#8220;on|tablet&#8220; _builder_version=&#8220;4.22.1&#8243; _module_preset=&#8220;default&#8220; width_tablet=&#8220;90%&#8220; width_phone=&#8220;&#8220; width_last_edited=&#8220;on|tablet&#8220; max_width=&#8220;1170px&#8220; custom_padding=&#8220;||10px||false|false&#8220; custom_padding_tablet=&#8220;130px||10px||false|false&#8220; custom_padding_phone=&#8220;&#8220; global_colors_info=&#8220;{}&#8220;][et_pb_column type=&#8220;4_4&#8243; _builder_version=&#8220;4.16&#8243; _module_preset=&#8220;default&#8220; global_colors_info=&#8220;{}&#8220; custom_css_main_element_last_edited=&#8220;on|phone&#8220; custom_css_main_element_tablet=&#8220;padding-bottom:10px;&#8220; custom_css_main_element_phone=&#8220;margin-bottom:0px;&#8220;][et_pb_text _builder_version=&#8220;4.25.1&#8243; _module_preset=&#8220;c5e1c558-cbbf-4f46-917f-13388175cc27&#8243; text_font=&#8220;|700||on|||||&#8220; text_text_color=&#8220;#ffffff&#8220; text_font_size=&#8220;50px&#8220; text_line_height=&#8220;60px&#8220; link_font=&#8220;||||||||&#8220; ul_font=&#8220;||||||||&#8220; ol_font=&#8220;||||||||&#8220; quote_font=&#8220;||||||||&#8220; header_font=&#8220;||||||||&#8220; header_2_font=&#8220;|700|||||||&#8220; header_2_text_color=&#8220;#ffffff&#8220; header_2_font_size=&#8220;50px&#8220; header_3_font=&#8220;||||||||&#8220; header_4_font=&#8220;|700|||||||&#8220; header_4_text_color=&#8220;#58595b&#8220; header_4_font_size=&#8220;50px&#8220; header_5_font=&#8220;||||||||&#8220; header_6_font=&#8220;||||||||&#8220; custom_margin_tablet=&#8220;||0px||false|false&#8220; custom_margin_phone=&#8220;||0px||false|false&#8220; custom_margin_last_edited=&#8220;on|phone&#8220; text_font_size_tablet=&#8220;40px&#8220; text_font_size_phone=&#8220;30px&#8220; text_font_size_last_edited=&#8220;on|phone&#8220; header_2_font_size_tablet=&#8220;40px&#8220; header_2_font_size_phone=&#8220;35px&#8220; header_2_font_size_last_edited=&#8220;on|phone&#8220; header_2_line_height_tablet=&#8220;40px&#8220; header_2_line_height_phone=&#8220;40px&#8220; header_2_line_height_last_edited=&#8220;on|tablet&#8220; header_4_font_size_tablet=&#8220;40px&#8220; header_4_font_size_phone=&#8220;35px&#8220; header_4_font_size_last_edited=&#8220;on|phone&#8220; header_4_line_height_tablet=&#8220;40px&#8220; header_4_line_height_phone=&#8220;40px&#8220; header_4_line_height_last_edited=&#8220;on|tablet&#8220; text_orientation_tablet=&#8220;left&#8220; text_orientation_phone=&#8220;&#8220; text_orientation_last_edited=&#8220;on|phone&#8220; global_colors_info=&#8220;{}&#8220;]<\/p>\n<p>Doga\u0111aji<\/p>\n<p>[\/et_pb_text][et_pb_divider color=&#8220;#e5dee2&#8243; _builder_version=&#8220;4.16&#8243; _module_preset=&#8220;default&#8220; min_height=&#8220;2px&#8220; height=&#8220;2px&#8220; custom_margin=&#8220;10px||5px||false|false&#8220; custom_padding=&#8220;||0px||false|false&#8220; global_colors_info=&#8220;{}&#8220;][\/et_pb_divider][\/et_pb_column][\/et_pb_row][\/et_pb_section][et_pb_section fb_built=&#8220;1&#8243; custom_padding_last_edited=&#8220;off|desktop&#8220; module_id=&#8220;portfolio&#8220; _builder_version=&#8220;4.25.1&#8243; custom_padding=&#8220;100px||100px||true|false&#8220; custom_padding_tablet=&#8220;0px||0px||true|false&#8220; custom_padding_phone=&#8220;||0px||false|false&#8220; locked=&#8220;off&#8220; collapsed=&#8220;off&#8220; global_colors_info=&#8220;{}&#8220;][et_pb_row custom_padding_last_edited=&#8220;on|phone&#8220; _builder_version=&#8220;4.22.1&#8243; _module_preset=&#8220;default&#8220; width_tablet=&#8220;&#8220; width_phone=&#8220;90%&#8220; width_last_edited=&#8220;on|phone&#8220; max_width=&#8220;1200px&#8220; custom_padding_tablet=&#8220;||0px||false|false&#8220; custom_padding_phone=&#8220;||0px||false|false&#8220; global_colors_info=&#8220;{}&#8220;][et_pb_column type=&#8220;4_4&#8243; _builder_version=&#8220;4.22.1&#8243; _module_preset=&#8220;default&#8220; custom_padding=&#8220;||0px||false|false&#8220; global_colors_info=&#8220;{}&#8220;][et_pb_blog _builder_version=&#8220;4.27.3&#8243; _module_preset=&#8220;default&#8220; fullwidth=&#8220;off&#8220; include_categories=&#8220;4&#8243; show_more=&#8220;on&#8220; show_categories=&#8220;off&#8220; header_font=&#8220;|800|||||||&#8220; header_font_size=&#8220;22px&#8220; header_text_color=&#8220;#79146a&#8220; hover_enabled=&#8220;0&#8243; sticky_enabled=&#8220;0&#8243; custom_css_read_more=&#8220;box-shadow: 0 20px 30px rgba(211, 220, 232, 0.8);||position: relative;||display: inline-block;||color: var(&#8211;color-2);||padding: 8px 20px;||text-align: center;||border: 1px solid #e5e5e5;||z-index: 1;||margin: 10px 0 0 0;&#8220; read_more_font=&#8220;|800|||||||&#8220; read_more_font_size=&#8220;16px&#8220;][\/et_pb_blog][\/et_pb_column][\/et_pb_row][\/et_pb_section]<\/p>","protected":false},"excerpt":{"rendered":"<p>Doga\u0111aji<\/p>","protected":false},"author":1,"featured_media":0,"parent":0,"menu_order":0,"comment_status":"closed","ping_status":"closed","template":"","meta":{"_et_pb_use_builder":"on","_et_pb_old_content":"","_et_gb_content_width":"","footnotes":""},"class_list":["post-91264","page","type-page","status-publish","hentry"],"yoast_head":"<!-- This site is optimized with the Yoast SEO plugin v24.6 - https:\/\/yoast.com\/wordpress\/plugins\/seo\/ -->\n<title>VERANSTALTUNGEN - OESFRAUEN<\/title>\n<meta name=\"robots\" content=\"index, follow, max-snippet:-1, max-image-preview:large, max-video-preview:-1\" \/>\n<link rel=\"canonical\" href=\"https:\/\/oesfrauen.com\/sr\/veranstaltungen\/\" \/>\n<meta property=\"og:locale\" content=\"sr_RS\" \/>\n<meta property=\"og:type\" content=\"article\" \/>\n<meta property=\"og:title\" content=\"VERANSTALTUNGEN - OESFRAUEN\" \/>\n<meta property=\"og:description\" content=\"Veranstaltungen\" \/>\n<meta property=\"og:url\" content=\"https:\/\/oesfrauen.com\/sr\/veranstaltungen\/\" \/>\n<meta property=\"og:site_name\" content=\"OESFRAUEN\" \/>\n<meta property=\"article:modified_time\" content=\"2025-12-21T10:31:27+00:00\" \/>\n<meta name=\"twitter:card\" content=\"summary_large_image\" \/>\n<meta name=\"twitter:label1\" content=\"\u041f\u0440\u043e\u0446\u0435\u045a\u0435\u043d\u043e \u0432\u0440\u0435\u043c\u0435 \u0447\u0438\u0442\u0430\u045a\u0430\" \/>\n\t<meta name=\"twitter:data1\" content=\"3 \u043c\u0438\u043d\u0443\u0442\u0430\" \/>\n<script type=\"application\/ld+json\" class=\"yoast-schema-graph\">{\"@context\":\"https:\/\/schema.org\",\"@graph\":[{\"@type\":\"WebPage\",\"@id\":\"https:\/\/oesfrauen.com\/veranstaltungen\/\",\"url\":\"https:\/\/oesfrauen.com\/veranstaltungen\/\",\"name\":\"VERANSTALTUNGEN - OESFRAUEN\",\"isPartOf\":{\"@id\":\"https:\/\/oesfrauen.com\/#website\"},\"datePublished\":\"2020-08-17T13:32:47+00:00\",\"dateModified\":\"2025-12-21T10:31:27+00:00\",\"breadcrumb\":{\"@id\":\"https:\/\/oesfrauen.com\/veranstaltungen\/#breadcrumb\"},\"inLanguage\":\"sr-RS\",\"potentialAction\":[{\"@type\":\"ReadAction\",\"target\":[\"https:\/\/oesfrauen.com\/veranstaltungen\/\"]}]},{\"@type\":\"BreadcrumbList\",\"@id\":\"https:\/\/oesfrauen.com\/veranstaltungen\/#breadcrumb\",\"itemListElement\":[{\"@type\":\"ListItem\",\"position\":1,\"name\":\"Home\",\"item\":\"https:\/\/oesfrauen.com\/\"},{\"@type\":\"ListItem\",\"position\":2,\"name\":\"VERANSTALTUNGEN\"}]},{\"@type\":\"WebSite\",\"@id\":\"https:\/\/oesfrauen.com\/#website\",\"url\":\"https:\/\/oesfrauen.com\/\",\"name\":\"\u00d6sterreichisch - Serbische Frauen, \u00d6SF\",\"description\":\"Gesellschaft \u00d6sterreichisch-Serbische Frauen\",\"publisher\":{\"@id\":\"https:\/\/oesfrauen.com\/#organization\"},\"potentialAction\":[{\"@type\":\"SearchAction\",\"target\":{\"@type\":\"EntryPoint\",\"urlTemplate\":\"https:\/\/oesfrauen.com\/?s={search_term_string}\"},\"query-input\":{\"@type\":\"PropertyValueSpecification\",\"valueRequired\":true,\"valueName\":\"search_term_string\"}}],\"inLanguage\":\"sr-RS\"},{\"@type\":\"Organization\",\"@id\":\"https:\/\/oesfrauen.com\/#organization\",\"name\":\"OESFRAUEN\",\"url\":\"https:\/\/oesfrauen.com\/\",\"logo\":{\"@type\":\"ImageObject\",\"inLanguage\":\"sr-RS\",\"@id\":\"https:\/\/oesfrauen.com\/#\/schema\/logo\/image\/\",\"url\":\"https:\/\/oesfrauen.com\/wp-content\/uploads\/2024\/05\/DRS2Asset_1100-removebg-preview.png\",\"contentUrl\":\"https:\/\/oesfrauen.com\/wp-content\/uploads\/2024\/05\/DRS2Asset_1100-removebg-preview.png\",\"width\":500,\"height\":500,\"caption\":\"OESFRAUEN\"},\"image\":{\"@id\":\"https:\/\/oesfrauen.com\/#\/schema\/logo\/image\/\"}}]}<\/script>\n<!-- \/ Yoast SEO plugin. -->","yoast_head_json":{"title":"VERANSTALTUNGEN - OESFRAUEN","robots":{"index":"index","follow":"follow","max-snippet":"max-snippet:-1","max-image-preview":"max-image-preview:large","max-video-preview":"max-video-preview:-1"},"canonical":"https:\/\/oesfrauen.com\/sr\/veranstaltungen\/","og_locale":"sr_RS","og_type":"article","og_title":"VERANSTALTUNGEN - OESFRAUEN","og_description":"Veranstaltungen","og_url":"https:\/\/oesfrauen.com\/sr\/veranstaltungen\/","og_site_name":"OESFRAUEN","article_modified_time":"2025-12-21T10:31:27+00:00","twitter_card":"summary_large_image","twitter_misc":{"\u041f\u0440\u043e\u0446\u0435\u045a\u0435\u043d\u043e \u0432\u0440\u0435\u043c\u0435 \u0447\u0438\u0442\u0430\u045a\u0430":"3 \u043c\u0438\u043d\u0443\u0442\u0430"},"schema":{"@context":"https:\/\/schema.org","@graph":[{"@type":"WebPage","@id":"https:\/\/oesfrauen.com\/veranstaltungen\/","url":"https:\/\/oesfrauen.com\/veranstaltungen\/","name":"VERANSTALTUNGEN - OESFRAUEN","isPartOf":{"@id":"https:\/\/oesfrauen.com\/#website"},"datePublished":"2020-08-17T13:32:47+00:00","dateModified":"2025-12-21T10:31:27+00:00","breadcrumb":{"@id":"https:\/\/oesfrauen.com\/veranstaltungen\/#breadcrumb"},"inLanguage":"sr-RS","potentialAction":[{"@type":"ReadAction","target":["https:\/\/oesfrauen.com\/veranstaltungen\/"]}]},{"@type":"BreadcrumbList","@id":"https:\/\/oesfrauen.com\/veranstaltungen\/#breadcrumb","itemListElement":[{"@type":"ListItem","position":1,"name":"Home","item":"https:\/\/oesfrauen.com\/"},{"@type":"ListItem","position":2,"name":"VERANSTALTUNGEN"}]},{"@type":"WebSite","@id":"https:\/\/oesfrauen.com\/#website","url":"https:\/\/oesfrauen.com\/","name":"\u00d6sterreichisch - Serbische Frauen, \u00d6SF","description":"Gesellschaft \u00d6sterreichisch-Serbische Frauen","publisher":{"@id":"https:\/\/oesfrauen.com\/#organization"},"potentialAction":[{"@type":"SearchAction","target":{"@type":"EntryPoint","urlTemplate":"https:\/\/oesfrauen.com\/?s={search_term_string}"},"query-input":{"@type":"PropertyValueSpecification","valueRequired":true,"valueName":"search_term_string"}}],"inLanguage":"sr-RS"},{"@type":"Organization","@id":"https:\/\/oesfrauen.com\/#organization","name":"OESFRAUEN","url":"https:\/\/oesfrauen.com\/","logo":{"@type":"ImageObject","inLanguage":"sr-RS","@id":"https:\/\/oesfrauen.com\/#\/schema\/logo\/image\/","url":"https:\/\/oesfrauen.com\/wp-content\/uploads\/2024\/05\/DRS2Asset_1100-removebg-preview.png","contentUrl":"https:\/\/oesfrauen.com\/wp-content\/uploads\/2024\/05\/DRS2Asset_1100-removebg-preview.png","width":500,"height":500,"caption":"OESFRAUEN"},"image":{"@id":"https:\/\/oesfrauen.com\/#\/schema\/logo\/image\/"}}]}},"_links":{"self":[{"href":"https:\/\/oesfrauen.com\/sr\/wp-json\/wp\/v2\/pages\/91264","targetHints":{"allow":["GET"]}}],"collection":[{"href":"https:\/\/oesfrauen.com\/sr\/wp-json\/wp\/v2\/pages"}],"about":[{"href":"https:\/\/oesfrauen.com\/sr\/wp-json\/wp\/v2\/types\/page"}],"author":[{"embeddable":true,"href":"https:\/\/oesfrauen.com\/sr\/wp-json\/wp\/v2\/users\/1"}],"replies":[{"embeddable":true,"href":"https:\/\/oesfrauen.com\/sr\/wp-json\/wp\/v2\/comments?post=91264"}],"version-history":[{"count":2,"href":"https:\/\/oesfrauen.com\/sr\/wp-json\/wp\/v2\/pages\/91264\/revisions"}],"predecessor-version":[{"id":100946,"href":"https:\/\/oesfrauen.com\/sr\/wp-json\/wp\/v2\/pages\/91264\/revisions\/100946"}],"wp:attachment":[{"href":"https:\/\/oesfrauen.com\/sr\/wp-json\/wp\/v2\/media?parent=91264"}],"curies":[{"name":"wp","href":"https:\/\/api.w.org\/{rel}","templated":true}]}}